{"id":270,"date":"2023-05-31T08:00:42","date_gmt":"2023-05-31T06:00:42","guid":{"rendered":"http:\/\/hurtownia.beskidplus.com.pl\/?page_id=270"},"modified":"2024-10-10T17:10:20","modified_gmt":"2024-10-10T15:10:20","slug":"oferta","status":"publish","type":"page","link":"https:\/\/beskidoffice.pl\/index.php\/oferta\/","title":{"rendered":"Oferta"},"content":{"rendered":"<p>\u00a0 W naszej hurtowni znajd\u0105 Pa\u0144stwo szeroki wyb\u00f3r artyku\u0142\u00f3w biurowych, obejmuj\u0105cych wszystko, czego potrzebujecie do prowadzenia sprawnego i profesjonalnego biura. Nasze bogate portfolio produkt\u00f3w obejmuje m.in.:<br \/>1. Papier i druk:<br \/>\u00a0 \u00a0 \u2022 Papier do drukarek i kserokopiarek<br \/>\u00a0 \u00a0 \u2022 Koperty i opakowania<br \/>\u00a0 \u00a0 \u2022 Drukarki, tonery i tusze<br \/>2. Artyku\u0142y pi\u015bmiennicze:<br \/>\u00a0 \u00a0 \u00a0\u2022 D\u0142ugopisy, pi\u00f3ra wieczne, markery<br \/>\u00a0 \u00a0 \u00a0\u2022 O\u0142\u00f3wki, kredki, flamastery<br \/>\u00a0 \u00a0 \u00a0\u2022 Notesy, zeszyty, bloki<br \/>3. Organizacja biura:<br \/>\u00a0 \u00a0 \u00a0\u2022 Dziurkacze, zszywacze, ta\u015bmy klej\u0105ce<br \/>\u00a0 \u00a0 \u00a0\u2022 Teczki, segregatory, bindownice<br \/>\u00a0 \u00a0 \u00a0\u2022 Tablice, tabliczki, magnesy<br \/>4. Wyposa\u017cenie biura:<br \/>\u00a0 \u00a0 \u00a0\u2022 Biurka, krzes\u0142a, szafki<br \/>\u00a0 \u00a0 \u00a0\u2022 Lampy, podk\u0142adki, uchwyty na monitor<br \/>\u00a0 \u00a0 \u00a0\u2022 Urz\u0105dzenia elektroniczne i akcesoria<\/p>\n<p>Nasze produkty pochodz\u0105 od renomowanych producent\u00f3w, co gwarantuje najwy\u017csz\u0105 jako\u015b\u0107 i trwa\u0142o\u015b\u0107. Dzi\u0119ki szerokiemu wyborowi mo\u017cemy sprosta\u0107 wszelkim preferencjom i bud\u017cetom naszych klient\u00f3w.<\/p>\n<h1 style=\"text-align: center;\">Katalog Biuro\u00a0<\/h1>\n<p>Katalog zawiera najbardziej topowe artyku\u0142y biurowe, spo\u017cywcze oraz chemiczne. Zapraszamy do zapoznania si\u0119 z nasz\u0105 ofert\u0105!\u00a0<a href=\"https:\/\/www.pg-partner.pl\/katalog\">Zobacz katalog<\/a><\/p>\n<figure><\/figure>\n<p><a href=\"https:\/\/www.pg-partner.pl\/katalog\">\u00a0<\/a><\/p>\n<p><a href=\"https:\/\/www.pg-partner.pl\/katalog\" target=\"_blank\" rel=\"noopener\"><img loading=\"lazy\" decoding=\"async\" src=\"https:\/\/www.pg-partner.pl\/katalog\/katalog.png\" width=\"1442\" height=\"1920\" class=\"aligncenter\" alt=\"Katalog produkt\u00f3w biurowych\" \/><\/a><\/p>\n<h1 style=\"color: #3c4858; text-align: center;\">Katalog edukacyjny\u00a0<\/h1>\n<p style=\"font-size: 18px;\">Katalog wyzwoli kreatywno\u015b\u0107 u dzieci i m\u0142odzie\u017cy, da pomys\u0142y do tworzenia w\u0142asnych, oryginalnych i niepowtarzalnych prac.\u00a0<a href=\"https:\/\/www.pg-partner.pl\/katalog2\" target=\"_blank\" rel=\"noopener\" style=\"transition-property: all; font-family: var( --e-global-typography-text-font-family ), Sans-serif; font-weight: var( --e-global-typography-text-font-weight ); font-size: 2.1rem;\">Zobacz katalog<\/a><\/p>\n\n<div class=\"wp-block-image\">\n<figure class=\"aligncenter size-large is-resized\"><a href=\"https:\/\/www.pg-partner.pl\/katalog2\" target=\"_blank\" rel=\"noreferrer noopener\"><img decoding=\"async\" src=\"https:\/\/www.pg-partner.pl\/katalog2\/katalog.png\" alt=\"Katalog produkt\u00f3w biurowych\" style=\"width:846px;height:auto\"\/><\/a><\/figure>\n<\/div>","protected":false},"excerpt":{"rendered":"<p>\u00a0 W naszej hurtowni znajd\u0105 Pa\u0144stwo szeroki wyb\u00f3r artyku\u0142\u00f3w biurowych, obejmuj\u0105cych wszystko, czego potrzebujecie do prowadzenia sprawnego i profesjonalnego biura. Nasze bogate portfolio produkt\u00f3w obejmuje m.in.:1. Papier i druk:\u00a0 \u00a0 \u2022 Papier do drukarek i kserokopiarek\u00a0 \u00a0 \u2022 Koperty i opakowania\u00a0 \u00a0 \u2022 Drukarki, tonery i tusze2. Artyku\u0142y pi\u015bmiennicze:\u00a0 \u00a0 [&hellip;]<\/p>\n","protected":false},"author":1,"featured_media":0,"parent":0,"menu_order":0,"comment_status":"closed","ping_status":"closed","template":"","meta":{"footnotes":""},"class_list":["post-270","page","type-page","status-publish","hentry"],"_links":{"self":[{"href":"https:\/\/beskidoffice.pl\/index.php\/wp-json\/wp\/v2\/pages\/270","targetHints":{"allow":["GET"]}}],"collection":[{"href":"https:\/\/beskidoffice.pl\/index.php\/wp-json\/wp\/v2\/pages"}],"about":[{"href":"https:\/\/beskidoffice.pl\/index.php\/wp-json\/wp\/v2\/types\/page"}],"author":[{"embeddable":true,"href":"https:\/\/beskidoffice.pl\/index.php\/wp-json\/wp\/v2\/users\/1"}],"replies":[{"embeddable":true,"href":"https:\/\/beskidoffice.pl\/index.php\/wp-json\/wp\/v2\/comments?post=270"}],"version-history":[{"count":93,"href":"https:\/\/beskidoffice.pl\/index.php\/wp-json\/wp\/v2\/pages\/270\/revisions"}],"predecessor-version":[{"id":599,"href":"https:\/\/beskidoffice.pl\/index.php\/wp-json\/wp\/v2\/pages\/270\/revisions\/599"}],"wp:attachment":[{"href":"https:\/\/beskidoffice.pl\/index.php\/wp-json\/wp\/v2\/media?parent=270"}],"curies":[{"name":"wp","href":"https:\/\/api.w.org\/{rel}","templated":true}]}}